{"id":594,"date":"2025-06-04T09:20:50","date_gmt":"2025-06-04T09:20:50","guid":{"rendered":"https:\/\/www.acompa.org\/?page_id=594"},"modified":"2025-06-06T07:10:46","modified_gmt":"2025-06-06T07:10:46","slug":"el-proyecto","status":"publish","type":"page","link":"https:\/\/www.acompa.org\/index.php\/el-proyecto\/","title":{"rendered":"El proyecto"},"content":{"rendered":"\n<p><strong>T\u00edtulo: Q1 2025: Comienza la Revoluci\u00f3n Social.<\/strong><\/p>\n\n\n\n<p> En unos meses, lanzaremos el motor de reservas que transformar\u00e1 c\u00f3mo conectamos, c\u00f3mo salimos, c\u00f3mo ayudamos. No te quedes fuera. \u00danete a los pioneros. [Formulario] Nombre: ___________ Email: ____________ Ciudad: ___________ <\/p>\n\n\n\n<p>[Quiero Acceso Prioritario] <\/p>\n\n\n\n<p>\u2713 Acepto recibir novedades del lanzamiento *Sin spam. Sin compromiso. Solo la oportunidad de ser parte del cambio.*<\/p>\n\n\n\n<p><strong>SABAR M\u00c1S<\/strong><\/p>\n\n\n\n<ul class=\"wp-block-list\">\n<li>Sobre nosotros<\/li>\n\n\n\n<li>Tecnolog\u00eda blockchain<\/li>\n\n\n\n<li>Modelo de impacto Prensa kit<\/li>\n<\/ul>\n","protected":false},"excerpt":{"rendered":"<p>T\u00edtulo: Q1 2025: Comienza la Revoluci\u00f3n Social. En unos meses, lanzaremos el motor de reservas que transformar\u00e1 c\u00f3mo conectamos, c\u00f3mo salimos, c\u00f3mo ayudamos. No te quedes fuera. \u00danete a los pioneros. [Formulario] Nombre: ___________ Email: ____________ Ciudad: ___________ [Quiero Acceso Prioritario] \u2713 Acepto recibir novedades del lanzamiento *Sin spam. Sin [&hellip;]<\/p>\n","protected":false},"author":1,"featured_media":0,"parent":0,"menu_order":0,"comment_status":"closed","ping_status":"closed","template":"","meta":{"_themeisle_gutenberg_block_has_review":false,"footnotes":""},"class_list":["post-594","page","type-page","status-publish","hentry"],"_links":{"self":[{"href":"https:\/\/www.acompa.org\/index.php\/wp-json\/wp\/v2\/pages\/594","targetHints":{"allow":["GET"]}}],"collection":[{"href":"https:\/\/www.acompa.org\/index.php\/wp-json\/wp\/v2\/pages"}],"about":[{"href":"https:\/\/www.acompa.org\/index.php\/wp-json\/wp\/v2\/types\/page"}],"author":[{"embeddable":true,"href":"https:\/\/www.acompa.org\/index.php\/wp-json\/wp\/v2\/users\/1"}],"replies":[{"embeddable":true,"href":"https:\/\/www.acompa.org\/index.php\/wp-json\/wp\/v2\/comments?post=594"}],"version-history":[{"count":3,"href":"https:\/\/www.acompa.org\/index.php\/wp-json\/wp\/v2\/pages\/594\/revisions"}],"predecessor-version":[{"id":692,"href":"https:\/\/www.acompa.org\/index.php\/wp-json\/wp\/v2\/pages\/594\/revisions\/692"}],"wp:attachment":[{"href":"https:\/\/www.acompa.org\/index.php\/wp-json\/wp\/v2\/media?parent=594"}],"curies":[{"name":"wp","href":"https:\/\/api.w.org\/{rel}","templated":true}]}}