{"id":597,"date":"2025-06-04T09:21:08","date_gmt":"2025-06-04T09:21:08","guid":{"rendered":"https:\/\/www.acompa.org\/?page_id=597"},"modified":"2025-06-15T08:45:02","modified_gmt":"2025-06-15T08:45:02","slug":"mantente-conectado","status":"publish","type":"page","link":"https:\/\/www.acompa.org\/index.php\/mantente-conectado\/","title":{"rendered":"Mantente conectado"},"content":{"rendered":"\n<p><em><strong>S\u00e9 parte de la revoluci\u00f3n social<\/strong><\/em>, <strong><em>no te pierdas el lanzamiento<\/em><\/strong>: <\/p>\n\n\n\n<ul class=\"wp-block-list\">\n<li>[Email] [Notif\u00edcame]<\/li>\n\n\n\n<li>S\u00edguenos: [LinkedIn] [Instagram] [X]<\/li>\n<\/ul>\n\n\n\n<p><strong><em>Experimenta conexiones significativas en espacios aut\u00e9nticos mientras tu disfrute se convierte en oportunidades para quienes m\u00e1s lo necesitan.<\/em><\/strong><\/p>\n","protected":false},"excerpt":{"rendered":"<p>S\u00e9 parte de la revoluci\u00f3n social, no te pierdas el lanzamiento: Experimenta conexiones significativas en espacios aut\u00e9nticos mientras tu disfrute se convierte en oportunidades para quienes m\u00e1s lo necesitan.<\/p>\n","protected":false},"author":1,"featured_media":0,"parent":0,"menu_order":0,"comment_status":"closed","ping_status":"closed","template":"","meta":{"_themeisle_gutenberg_block_has_review":false,"footnotes":""},"class_list":["post-597","page","type-page","status-publish","hentry"],"_links":{"self":[{"href":"https:\/\/www.acompa.org\/index.php\/wp-json\/wp\/v2\/pages\/597","targetHints":{"allow":["GET"]}}],"collection":[{"href":"https:\/\/www.acompa.org\/index.php\/wp-json\/wp\/v2\/pages"}],"about":[{"href":"https:\/\/www.acompa.org\/index.php\/wp-json\/wp\/v2\/types\/page"}],"author":[{"embeddable":true,"href":"https:\/\/www.acompa.org\/index.php\/wp-json\/wp\/v2\/users\/1"}],"replies":[{"embeddable":true,"href":"https:\/\/www.acompa.org\/index.php\/wp-json\/wp\/v2\/comments?post=597"}],"version-history":[{"count":4,"href":"https:\/\/www.acompa.org\/index.php\/wp-json\/wp\/v2\/pages\/597\/revisions"}],"predecessor-version":[{"id":757,"href":"https:\/\/www.acompa.org\/index.php\/wp-json\/wp\/v2\/pages\/597\/revisions\/757"}],"wp:attachment":[{"href":"https:\/\/www.acompa.org\/index.php\/wp-json\/wp\/v2\/media?parent=597"}],"curies":[{"name":"wp","href":"https:\/\/api.w.org\/{rel}","templated":true}]}}